{"id":3231,"date":"2026-04-09T13:44:48","date_gmt":"2026-04-09T13:44:48","guid":{"rendered":"https:\/\/www.diamantprofil.com\/?page_id=3231"},"modified":"2026-04-09T13:51:58","modified_gmt":"2026-04-09T13:51:58","slug":"friktionsbelaggning-med-diamant","status":"publish","type":"page","link":"https:\/\/www.diamantprofil.com\/en\/friktionsbelaggning-med-diamant\/","title":{"rendered":"Friktionsbel\u00e4ggning med diamant"},"content":{"rendered":"<div data-elementor-type=\"wp-page\" data-elementor-id=\"3231\" class=\"elementor elementor-3231\" data-elementor-post-type=\"page\">\n\t\t\t\t<div class=\"elementor-element elementor-element-19b8c8c e-flex e-con-boxed e-con e-parent\" data-id=\"19b8c8c\" data-element_type=\"container\" data-e-type=\"container\" data-settings=\"{&quot;background_background&quot;:&quot;classic&quot;}\">\n\t\t\t\t\t<div class=\"e-con-inner\">\n\t\t<div class=\"elementor-element elementor-element-372848a e-con-full e-flex e-con e-child\" data-id=\"372848a\" data-element_type=\"container\" data-e-type=\"container\">\n\t\t\t\t<div class=\"elementor-element elementor-element-0ccf104 elementor-widget elementor-widget-heading\" data-id=\"0ccf104\" data-element_type=\"widget\" data-e-type=\"widget\" data-widget_type=\"heading.default\">\n\t\t\t\t<div class=\"elementor-widget-container\">\n\t\t\t\t\t<h1 class=\"elementor-heading-title elementor-size-default\">Friktionsbel\u00e4ggning med diamant<\/h1>\t\t\t\t<\/div>\n\t\t\t\t<\/div>\n\t\t\t\t<div class=\"elementor-element elementor-element-efb6bfe elementor-widget elementor-widget-text-editor\" data-id=\"efb6bfe\" data-element_type=\"widget\" data-e-type=\"widget\" data-widget_type=\"text-editor.default\">\n\t\t\t\t<div class=\"elementor-widget-container\">\n\t\t\t\t\t\t\t\t\t<p>Diamantprofils friktionsbel\u00e4ggningar ger extremt h\u00f6gt och l\u00e5ngvarigt grepp i h\u00e5llande verktyg som svarvbackar, chuckar och robotgripdon. Med dokumenterat h\u00f6g friktion \u00e4r diamantbel\u00e4ggning ett \u00f6verl\u00e4gset val f\u00f6r s\u00e4ker uppsp\u00e4nning och industriell precision.<\/p>\t\t\t\t\t\t\t\t<\/div>\n\t\t\t\t<\/div>\n\t\t\t\t<\/div>\n\t\t\t\t\t<\/div>\n\t\t\t\t<\/div>\n\t\t<div class=\"elementor-element elementor-element-8338255 e-flex e-con-boxed e-con e-parent\" data-id=\"8338255\" data-element_type=\"container\" data-e-type=\"container\" data-settings=\"{&quot;background_background&quot;:&quot;classic&quot;}\">\n\t\t\t\t\t<div class=\"e-con-inner\">\n\t\t<div class=\"elementor-element elementor-element-87eb59b e-con-full e-flex e-con e-child\" data-id=\"87eb59b\" data-element_type=\"container\" data-e-type=\"container\">\n\t\t\t\t<div class=\"elementor-element elementor-element-38fa8ce elementor-widget-divider--view-line elementor-widget elementor-widget-divider\" data-id=\"38fa8ce\" data-element_type=\"widget\" data-e-type=\"widget\" data-widget_type=\"divider.default\">\n\t\t\t\t<div class=\"elementor-widget-container\">\n\t\t\t\t\t\t\t<div class=\"elementor-divider\">\n\t\t\t<span class=\"elementor-divider-separator\">\n\t\t\t\t\t\t<\/span>\n\t\t<\/div>\n\t\t\t\t\t\t<\/div>\n\t\t\t\t<\/div>\n\t\t\t\t<div class=\"elementor-element elementor-element-012d882 elementor-widget elementor-widget-heading\" data-id=\"012d882\" data-element_type=\"widget\" data-e-type=\"widget\" data-widget_type=\"heading.default\">\n\t\t\t\t<div class=\"elementor-widget-container\">\n\t\t\t\t\t<h2 class=\"elementor-heading-title elementor-size-default\">S\u00e4kerst\u00e4llt grepp i kr\u00e4vande industriella applikationer<\/h2>\t\t\t\t<\/div>\n\t\t\t\t<\/div>\n\t\t\t\t<div class=\"elementor-element elementor-element-35ebd54 elementor-widget elementor-widget-text-editor\" data-id=\"35ebd54\" data-element_type=\"widget\" data-e-type=\"widget\" data-widget_type=\"text-editor.default\">\n\t\t\t\t<div class=\"elementor-widget-container\">\n\t\t\t\t\t\t\t\t\t<p data-pm-slice=\"1 1 []\">Diamantprofils friktionsbel\u00e4ggningar \u00e4r utvecklade f\u00f6r applikationer d\u00e4r <strong>maximalt och tillf\u00f6rlitligt grepp<\/strong> \u00e4r avg\u00f6rande. Med hj\u00e4lp av v\u00e5r avancerade <strong>elektrokemiska bel\u00e4ggningsteknik<\/strong> bygger vi upp diamanth\u00e5rda friktionsytor som kraftigt \u00f6vertr\u00e4ffar traditionella metoder som sp\u00e5rslipning eller bl\u00e4string.<\/p><p>Resultatet \u00e4r friktionsytor med <strong>mycket h\u00f6g, stabil och l\u00e5ngvarig friktion<\/strong>, \u00e4ven vid h\u00f6ga belastningar och i milj\u00f6er d\u00e4r olja eller sm\u00f6rjmedel f\u00f6rekommer.<\/p>\t\t\t\t\t\t\t\t<\/div>\n\t\t\t\t<\/div>\n\t\t\t\t<div class=\"elementor-element elementor-element-39b657f elementor-widget elementor-widget-heading\" data-id=\"39b657f\" data-element_type=\"widget\" data-e-type=\"widget\" data-widget_type=\"heading.default\">\n\t\t\t\t<div class=\"elementor-widget-container\">\n\t\t\t\t\t<h2 class=\"elementor-heading-title elementor-size-default\">Ny teknik som h\u00f6jer friktionen<\/h2>\t\t\t\t<\/div>\n\t\t\t\t<\/div>\n\t\t\t\t<div class=\"elementor-element elementor-element-1ab5b6c elementor-widget elementor-widget-text-editor\" data-id=\"1ab5b6c\" data-element_type=\"widget\" data-e-type=\"widget\" data-widget_type=\"text-editor.default\">\n\t\t\t\t<div class=\"elementor-widget-container\">\n\t\t\t\t\t\t\t\t\t<p data-pm-slice=\"1 1 []\">Diamantprofil har vidareutvecklat sin l\u00e5nga erfarenhet av diamantverktyg till att omfatta <strong>h\u00f6gpresterande friktionsytor f\u00f6r h\u00e5llande verktyg<\/strong>. Genom elektropl\u00e4terad diamant skapas en ytstruktur som:<\/p><ul><li>Ger <strong>friktionstal n\u00e4ra eller \u00f6ver \u03bc = 1,0<\/strong><\/li><li>Bibeh\u00e5ller friktionen \u00e4ven p\u00e5 <strong>oljiga ytor<\/strong><\/li><li>Inte uppvisar stick\u2011slip\u2011beteende<\/li><li>Har mycket liten p\u00e5verkan p\u00e5 geometri och toleranser<\/li><\/ul><p>Den diamantbelagda ytan deformeras inte (beroende p\u00e5 yta och underlag) och tappar d\u00e4rf\u00f6r inte grepp \u00f6ver tid, vilket ger <strong>konsekvent och f\u00f6ruts\u00e4gbar prestanda<\/strong>.<\/p>\t\t\t\t\t\t\t\t<\/div>\n\t\t\t\t<\/div>\n\t\t\t\t<div class=\"elementor-element elementor-element-c5889e5 elementor-widget elementor-widget-heading\" data-id=\"c5889e5\" data-element_type=\"widget\" data-e-type=\"widget\" data-widget_type=\"heading.default\">\n\t\t\t\t<div class=\"elementor-widget-container\">\n\t\t\t\t\t<h2 class=\"elementor-heading-title elementor-size-default\">Verifierad friktion \u2013 testad av RISE IVF<\/h2>\t\t\t\t<\/div>\n\t\t\t\t<\/div>\n\t\t\t\t<div class=\"elementor-element elementor-element-9a58e7c elementor-widget elementor-widget-text-editor\" data-id=\"9a58e7c\" data-element_type=\"widget\" data-e-type=\"widget\" data-widget_type=\"text-editor.default\">\n\t\t\t\t<div class=\"elementor-widget-container\">\n\t\t\t\t\t\t\t\t\t<p data-pm-slice=\"1 1 []\">RISE IVF (Research Institutes of Sweden) i M\u00f6lndal har genomf\u00f6rt omfattande friktionsm\u00e4tningar av Diamantprofils friktionsbel\u00e4ggningar. Tester har utf\u00f6rts under h\u00f6ga krafter och mot olika material, huvudsakligen st\u00e5l i varierande h\u00e5rdhet.<\/p><p><strong>Resultaten visar tydligt att diamantbelagda ytor \u00e4r \u00f6verl\u00e4gsna<\/strong> j\u00e4mf\u00f6rt med sp\u00e5rade eller bl\u00e4strade ytor:<\/p><ul><li>Diamantbel\u00e4ggning (D76): <strong>\u03bc \u2248 0,96<\/strong><\/li><li>Sp\u00e5rad yta: <strong>\u03bc \u2248 0,36<\/strong><\/li><li>Bl\u00e4strad yta: <strong>\u03bc \u2248 0,21<\/strong><\/li><\/ul><p>Efter upprepade tester och kontrollerad glidning (~2 mm) kunde ingen markant f\u00f6rs\u00e4mring av vare sig friktion eller ytskikt observeras.<\/p>\t\t\t\t\t\t\t\t<\/div>\n\t\t\t\t<\/div>\n\t\t\t\t<div class=\"elementor-element elementor-element-6b04085 elementor-widget elementor-widget-heading\" data-id=\"6b04085\" data-element_type=\"widget\" data-e-type=\"widget\" data-widget_type=\"heading.default\">\n\t\t\t\t<div class=\"elementor-widget-container\">\n\t\t\t\t\t<h2 class=\"elementor-heading-title elementor-size-default\">Applikationer \u2013 d\u00e4r \u00f6kad friktion g\u00f6r skillnad<\/h2>\t\t\t\t<\/div>\n\t\t\t\t<\/div>\n\t\t\t\t<div class=\"elementor-element elementor-element-4d0b02c elementor-widget elementor-widget-text-editor\" data-id=\"4d0b02c\" data-element_type=\"widget\" data-e-type=\"widget\" data-widget_type=\"text-editor.default\">\n\t\t\t\t<div class=\"elementor-widget-container\">\n\t\t\t\t\t\t\t\t\t<p data-pm-slice=\"1 3 []\">Diamantprofils friktionsbel\u00e4ggningar kan appliceras p\u00e5 b\u00e5de standard\u2011 och specialkomponenter, exempelvis:<\/p><ul><li><strong>Svarvchuckar, sp\u00e4nnbackar och sp\u00e4nnhylsor<br \/><\/strong>F\u00f6r s\u00e4krare uppsp\u00e4nning och m\u00f6jlighet till h\u00f6gre sk\u00e4rdata<\/li><li><strong>Robotfingrar och gripdon<br \/><\/strong>F\u00f6r tillf\u00f6rlitlig hantering utan glidning<\/li><li><strong>Lyftdon och fixturer<br \/><\/strong>F\u00f6r s\u00e4kra lyft och stabil fasts\u00e4ttning<\/li><li><strong>Friktionssvetsning och m\u00e4tfixturer<br \/><\/strong>F\u00f6r repeterbarhet och precision<\/li><li><strong>Kundanpassade h\u00e5llande ytor<br \/><\/strong>M\u00f6jligheterna begr\u00e4nsas i princip bara av applikationen<\/li><\/ul>\t\t\t\t\t\t\t\t<\/div>\n\t\t\t\t<\/div>\n\t\t\t\t<div class=\"elementor-element elementor-element-ad1366e elementor-widget elementor-widget-heading\" data-id=\"ad1366e\" data-element_type=\"widget\" data-e-type=\"widget\" data-widget_type=\"heading.default\">\n\t\t\t\t<div class=\"elementor-widget-container\">\n\t\t\t\t\t<h2 class=\"elementor-heading-title elementor-size-default\">F\u00f6rdelar med diamantbaserade friktionsytor<\/h2>\t\t\t\t<\/div>\n\t\t\t\t<\/div>\n\t\t\t\t<div class=\"elementor-element elementor-element-66a67b5 elementor-widget elementor-widget-text-editor\" data-id=\"66a67b5\" data-element_type=\"widget\" data-e-type=\"widget\" data-widget_type=\"text-editor.default\">\n\t\t\t\t<div class=\"elementor-widget-container\">\n\t\t\t\t\t\t\t\t\t<ul><li>Mycket h\u00f6g och konsistent friktion<\/li><li>T\u00e5l h\u00f6ga kl\u00e4mkrafter<\/li><li>S\u00e4ker uppsp\u00e4nning vid maskinriggning<\/li><li>L\u00e4gre n\u00f6dv\u00e4ndig sp\u00e4nnkraft ger rundare detaljer<\/li><li>H\u00f6g friktion \u00e4ven i oljiga milj\u00f6er<\/li><li>L\u00e5ng livsl\u00e4ngd \u2192 h\u00f6g l\u00f6nsamhet<\/li><li>Kan ombel\u00e4ggas \u2013 ett kostnads\u2011 och milj\u00f6effektivt val<\/li><li>Kan appliceras p\u00e5 befintliga standardverktyg<\/li><\/ul>\t\t\t\t\t\t\t\t<\/div>\n\t\t\t\t<\/div>\n\t\t\t\t<div class=\"elementor-element elementor-element-633130a elementor-widget elementor-widget-heading\" data-id=\"633130a\" data-element_type=\"widget\" data-e-type=\"widget\" data-widget_type=\"heading.default\">\n\t\t\t\t<div class=\"elementor-widget-container\">\n\t\t\t\t\t<h2 class=\"elementor-heading-title elementor-size-default\">Ett tryggt val f\u00f6r industriell precision<\/h2>\t\t\t\t<\/div>\n\t\t\t\t<\/div>\n\t\t\t\t<div class=\"elementor-element elementor-element-6f2e248 elementor-widget elementor-widget-text-editor\" data-id=\"6f2e248\" data-element_type=\"widget\" data-e-type=\"widget\" data-widget_type=\"text-editor.default\">\n\t\t\t\t<div class=\"elementor-widget-container\">\n\t\t\t\t\t\t\t\t\t<p data-pm-slice=\"1 1 []\">Diamantprofils friktionsbel\u00e4ggningar kombinerar <strong>svensk kvalitet, dokumenterad prestanda och l\u00e5ng livsl\u00e4ngd<\/strong>. F\u00f6r applikationer d\u00e4r greppet inte f\u00e5r falla finns det helt enkelt f\u00e5 alternativ som kan m\u00e4ta sig med diamant.<\/p>\t\t\t\t\t\t\t\t<\/div>\n\t\t\t\t<\/div>\n\t\t\t\t<\/div>\n\t\t<div class=\"elementor-element elementor-element-120c976 e-con-full e-flex e-con e-child\" data-id=\"120c976\" data-element_type=\"container\" data-e-type=\"container\" data-settings=\"{&quot;background_background&quot;:&quot;classic&quot;}\">\n\t\t\t\t<div class=\"elementor-element elementor-element-5ba52e0 elementor-widget elementor-widget-image\" data-id=\"5ba52e0\" data-element_type=\"widget\" data-e-type=\"widget\" data-widget_type=\"image.default\">\n\t\t\t\t<div class=\"elementor-widget-container\">\n\t\t\t\t\t\t\t\t\t\t\t\t\t\t\t<img fetchpriority=\"high\" decoding=\"async\" width=\"800\" height=\"533\" src=\"https:\/\/www.diamantprofil.com\/wp-content\/uploads\/2026\/04\/Diamantprofil-bild.jpg\" class=\"attachment-full size-full wp-image-3233\" alt=\"friktionsbel\u00e4ggning med diamant\" srcset=\"https:\/\/www.diamantprofil.com\/wp-content\/uploads\/2026\/04\/Diamantprofil-bild.jpg 800w, https:\/\/www.diamantprofil.com\/wp-content\/uploads\/2026\/04\/Diamantprofil-bild-300x200.jpg 300w, https:\/\/www.diamantprofil.com\/wp-content\/uploads\/2026\/04\/Diamantprofil-bild-768x512.jpg 768w, https:\/\/www.diamantprofil.com\/wp-content\/uploads\/2026\/04\/Diamantprofil-bild-18x12.jpg 18w\" sizes=\"(max-width: 800px) 100vw, 800px\" \/>\t\t\t\t\t\t\t\t\t\t\t\t\t\t\t<\/div>\n\t\t\t\t<\/div>\n\t\t\t\t<\/div>\n\t\t\t\t\t<\/div>\n\t\t\t\t<\/div>\n\t\t\t\t<\/div>","protected":false},"excerpt":{"rendered":"<p>Diamantprofils friktionsbel\u00e4ggningar ger extremt h\u00f6gt och l\u00e5ngvarigt grepp i h\u00e5llande verktyg som svarvbackar, chuckar och robotgripdon. Med dokumenterat h\u00f6g friktion \u00e4r diamantbel\u00e4ggning ett \u00f6verl\u00e4gset val f\u00f6r s\u00e4ker uppsp\u00e4nning och industriell precision. S\u00e4kerst\u00e4llt grepp i kr\u00e4vande industriella applikationer Diamantprofils friktionsbel\u00e4ggningar \u00e4r utvecklade f\u00f6r applikationer d\u00e4r maximalt och tillf\u00f6rlitligt grepp \u00e4r avg\u00f6rande. Med hj\u00e4lp av v\u00e5r avancerade [&hellip;]<\/p>\n","protected":false},"author":2,"featured_media":0,"parent":0,"menu_order":0,"comment_status":"closed","ping_status":"closed","template":"","meta":{"site-sidebar-layout":"no-sidebar","site-content-layout":"page-builder","ast-site-content-layout":"full-width-container","site-content-style":"unboxed","site-sidebar-style":"unboxed","ast-global-header-display":"","ast-banner-title-visibility":"","ast-main-header-display":"","ast-hfb-above-header-display":"","ast-hfb-below-header-display":"","ast-hfb-mobile-header-display":"","site-post-title":"disabled","ast-breadcrumbs-content":"disabled","ast-featured-img":"disabled","footer-sml-layout":"","ast-disable-related-posts":"","theme-transparent-header-meta":"enabled","adv-header-id-meta":"","stick-header-meta":"","header-above-stick-meta":"","header-main-stick-meta":"","header-below-stick-meta":"","astra-migrate-meta-layouts":"set","ast-page-background-enabled":"default","ast-page-background-meta":{"desktop":{"background-color":"var(--ast-global-color-4)","background-image":"","background-repeat":"repeat","background-position":"center center","background-size":"auto","background-attachment":"scroll","background-type":"","background-media":"","overlay-type":"","overlay-color":"","overlay-opacity":"","overlay-gradient":""},"tablet":{"background-color":"","background-image":"","background-repeat":"repeat","background-position":"center center","background-size":"auto","background-attachment":"scroll","background-type":"","background-media":"","overlay-type":"","overlay-color":"","overlay-opacity":"","overlay-gradient":""},"mobile":{"background-color":"","background-image":"","background-repeat":"repeat","background-position":"center center","background-size":"auto","background-attachment":"scroll","background-type":"","background-media":"","overlay-type":"","overlay-color":"","overlay-opacity":"","overlay-gradient":""}},"ast-content-background-meta":{"desktop":{"background-color":"var(--ast-global-color-5)","background-image":"","background-repeat":"repeat","background-position":"center center","background-size":"auto","background-attachment":"scroll","background-type":"","background-media":"","overlay-type":"","overlay-color":"","overlay-opacity":"","overlay-gradient":""},"tablet":{"background-color":"var(--ast-global-color-5)","background-image":"","background-repeat":"repeat","background-position":"center center","background-size":"auto","background-attachment":"scroll","background-type":"","background-media":"","overlay-type":"","overlay-color":"","overlay-opacity":"","overlay-gradient":""},"mobile":{"background-color":"var(--ast-global-color-5)","background-image":"","background-repeat":"repeat","background-position":"center center","background-size":"auto","background-attachment":"scroll","background-type":"","background-media":"","overlay-type":"","overlay-color":"","overlay-opacity":"","overlay-gradient":""}},"footnotes":""},"class_list":["post-3231","page","type-page","status-publish","hentry"],"_links":{"self":[{"href":"https:\/\/www.diamantprofil.com\/en\/wp-json\/wp\/v2\/pages\/3231","targetHints":{"allow":["GET"]}}],"collection":[{"href":"https:\/\/www.diamantprofil.com\/en\/wp-json\/wp\/v2\/pages"}],"about":[{"href":"https:\/\/www.diamantprofil.com\/en\/wp-json\/wp\/v2\/types\/page"}],"author":[{"embeddable":true,"href":"https:\/\/www.diamantprofil.com\/en\/wp-json\/wp\/v2\/users\/2"}],"replies":[{"embeddable":true,"href":"https:\/\/www.diamantprofil.com\/en\/wp-json\/wp\/v2\/comments?post=3231"}],"version-history":[{"count":5,"href":"https:\/\/www.diamantprofil.com\/en\/wp-json\/wp\/v2\/pages\/3231\/revisions"}],"predecessor-version":[{"id":3239,"href":"https:\/\/www.diamantprofil.com\/en\/wp-json\/wp\/v2\/pages\/3231\/revisions\/3239"}],"wp:attachment":[{"href":"https:\/\/www.diamantprofil.com\/en\/wp-json\/wp\/v2\/media?parent=3231"}],"curies":[{"name":"wp","href":"https:\/\/api.w.org\/{rel}","templated":true}]}}