{"id":3066,"date":"2025-02-24T15:37:43","date_gmt":"2025-02-24T15:37:43","guid":{"rendered":"https:\/\/www.diamantprofil.com\/?page_id=3066"},"modified":"2025-11-25T08:37:19","modified_gmt":"2025-11-25T08:37:19","slug":"cookiepolicy","status":"publish","type":"page","link":"https:\/\/www.diamantprofil.com\/en\/cookiepolicy\/","title":{"rendered":"Cookiepolicy"},"content":{"rendered":"<div data-elementor-type=\"wp-page\" data-elementor-id=\"3066\" class=\"elementor elementor-3066\" data-elementor-post-type=\"page\">\n\t\t\t\t<div class=\"elementor-element elementor-element-753e2d2 e-flex e-con-boxed e-con e-parent\" data-id=\"753e2d2\" data-element_type=\"container\" data-e-type=\"container\" data-settings=\"{&quot;background_background&quot;:&quot;classic&quot;}\">\n\t\t\t\t\t<div class=\"e-con-inner\">\n\t\t<div class=\"elementor-element elementor-element-60cc0ab e-con-full e-flex e-con e-child\" data-id=\"60cc0ab\" data-element_type=\"container\" data-e-type=\"container\">\n\t\t\t\t<div class=\"elementor-element elementor-element-2fef347 elementor-widget elementor-widget-heading\" data-id=\"2fef347\" data-element_type=\"widget\" data-e-type=\"widget\" data-widget_type=\"heading.default\">\n\t\t\t\t<div class=\"elementor-widget-container\">\n\t\t\t\t\t<h1 class=\"elementor-heading-title elementor-size-default\">Cookiepolicy<\/h1>\t\t\t\t<\/div>\n\t\t\t\t<\/div>\n\t\t\t\t<\/div>\n\t\t\t\t\t<\/div>\n\t\t\t\t<\/div>\n\t\t<div class=\"elementor-element elementor-element-3721370 e-flex e-con-boxed e-con e-parent\" data-id=\"3721370\" data-element_type=\"container\" data-e-type=\"container\">\n\t\t\t\t\t<div class=\"e-con-inner\">\n\t\t\t\t<div class=\"elementor-element elementor-element-7c861af elementor-widget elementor-widget-html\" data-id=\"7c861af\" data-element_type=\"widget\" data-e-type=\"widget\" data-widget_type=\"html.default\">\n\t\t\t\t<div class=\"elementor-widget-container\">\n\t\t\t\t\t<style>\r\n    a.cky-banner-element {\r\n        margin-bottom:2rem;\r\n        display:inline-block;\r\n        padding: 8px 30px;\r\n        background: #F8F9FA;\r\n        color: #858A8F;\r\n        border: 1px solid #DEE2E6;\r\n        box-sizing: border-box;\r\n        border-radius: 2px;\r\n        cursor: pointer;\r\n    }\r\n<\/style>\r\n\r\n\r\n<h5>Vad \u00e4r cookies?<\/h5>\r\n<div class=\"cookie-policy-p\"><p>Denna cookiepolicy f\u00f6rklarar vad cookies \u00e4r och hur vi anv\u00e4nder dem, vilka typer av cookies vi anv\u00e4nder, dvs den information vi samlar in med hj\u00e4lp av cookies och hur den informationen anv\u00e4nds, och hur man hanterar cookieinst\u00e4llningarna.<\/p> <p>Cookies \u00e4r sm\u00e5 textfiler som anv\u00e4nds f\u00f6r att lagra sm\u00e5 bitar av information. De lagras p\u00e5 din enhet n\u00e4r webbplatsen laddas i din webbl\u00e4sare. Dessa cookies hj\u00e4lper oss att f\u00e5 webbplatsen att fungera korrekt, g\u00f6ra den s\u00e4krare, ge en b\u00e4ttre anv\u00e4ndarupplevelse och f\u00f6rst\u00e5 hur webbplatsen fungerar och att analysera vad som fungerar och var den beh\u00f6ver f\u00f6rb\u00e4ttras.<\/p><\/div>\r\n\r\n&nbsp;\r\n<h5>Hur anv\u00e4nder vi cookies?<\/h5>\r\n<div class=\"cookie-policy-p\"><p>Som de flesta av onlinetj\u00e4nsterna anv\u00e4nder v\u00e5r webbplats f\u00f6rstaparts- och tredjepartscookies f\u00f6r flera \u00e4ndam\u00e5l. F\u00f6rstapartscookies \u00e4r oftast n\u00f6dv\u00e4ndiga f\u00f6r att webbplatsen ska fungera p\u00e5 r\u00e4tt s\u00e4tt, och de samlar inte in n\u00e5gon av dina personligt identifierbara uppgifter.<\/p> <p>De tredjepartscookies som anv\u00e4nds p\u00e5 v\u00e5r webbplats \u00e4r fr\u00e4mst till f\u00f6r att f\u00f6rst\u00e5 hur webbplatsen fungerar, hur du interagerar med v\u00e5r webbplats, f\u00f6r att h\u00e5lla v\u00e5ra tj\u00e4nster s\u00e4kra, tillhandah\u00e5lla annonser som \u00e4r relevanta f\u00f6r dig och allt som allt f\u00f6r att ge dig en b\u00e4ttre och f\u00f6rb\u00e4ttrad anv\u00e4ndarupplevelse och hj\u00e4lpa dig att p\u00e5skynda din framtida interaktion med v\u00e5r webbplats.<\/p><\/div>\r\n\r\n&nbsp;\r\n    <h5>Typer av cookies vi anv\u00e4nder<\/h5>\r\n\r\n    <div class=\"cky-audit-table-element\"><\/div>\r\n\r\n&nbsp;\r\n    <h5 style=\"margin-bottom:20px;\">Hantera cookie-preferenser<\/h5>\r\n\r\n    <a class=\"cky-banner-element\">Inst\u00e4llningar f\u00f6r cookies<\/a> <br\/>\r\n\r\n    <div><p>Du kan \u00e4ndra dina cookie-preferenser n\u00e4r som helst genom att klicka p\u00e5 knappen ovan. Detta l\u00e5ter dig bes\u00f6ka bannern f\u00f6r samtycke f\u00f6r cookies igen och \u00e4ndra dina inst\u00e4llningar eller dra tillbaka ditt samtycke direkt.<\/p><p>Ut\u00f6ver detta erbjuder olika webbl\u00e4sare olika metoder f\u00f6r att blockera och ta bort cookies som anv\u00e4nds av webbplatser. Du kan \u00e4ndra inst\u00e4llningarna i din webbl\u00e4sare f\u00f6r att blockera\/radera cookies. Nedan listas l\u00e4nkarna till supportdokumenten om hur man hanterar och tar bort cookies fr\u00e5n de stora webbl\u00e4sarna.<\/p><p>Chrome: <a href=\"https:\/\/support.google.com\/accounts\/answer\/32050\" rel=\"noopener noreferrer\" target=\"_blank\">https:\/\/support.google.com\/accounts\/answer\/32050<\/a><\/p><p>Safari: <a href=\"https:\/\/support.apple.com\/en-in\/guide\/safari\/sfri11471\/mac\" rel=\"noopener noreferrer\" target=\"_blank\">https:\/\/support.apple.com\/en-in\/guide\/safari\/sfri11471\/mac<\/a><\/p><p>Firefox: <a href=\"https:\/\/support.mozilla.org\/en-US\/kb\/clear-cookies-and-site-data-firefox?redirectslug=delete-cookies-remove-info-websites-stored&amp;redirectlocale=en-US\" rel=\"noopener noreferrer\" target=\"_blank\">https:\/\/support.mozilla.org\/en-US\/kb\/clear-cookies-and-site-data-firefox?redirectslug=delete-cookies-remove-info-websites-stored&redirectlocale=en-US<\/a><\/p><p>Internet Explorer: <a href=\"http:\/\/support.microsoft.com\/en-us\/windows\/view-and-delete-your-browsing-history-in-internet-explorer-098ffe52-5ac9-a449-c296-c735c32c8678\" rel=\"noopener noreferrer\" target=\"_blank\">http:\/\/support.microsoft.com\/en-us\/windows\/view-and-delete-your-browsing-history-in-internet-explorer-098ffe52-5ac9-a449-c296-c735c32c8678<\/a><\/p><p>Om du anv\u00e4nder n\u00e5gon annan webbl\u00e4sare, bes\u00f6k din webbl\u00e4sares officiella supportdokument.<\/p><\/div>\r\n\t\t\t\t<\/div>\n\t\t\t\t<\/div>\n\t\t\t\t\t<\/div>\n\t\t\t\t<\/div>\n\t\t\t\t<\/div>","protected":false},"excerpt":{"rendered":"<p>Vad \u00e4r cookies? Denna cookiepolicy f\u00f6rklarar vad cookies \u00e4r och hur vi anv\u00e4nder dem, vilka typer av cookies vi anv\u00e4nder, dvs den information vi samlar in med hj\u00e4lp av cookies och hur den informationen anv\u00e4nds, och hur man hanterar cookieinst\u00e4llningarna. Cookies \u00e4r sm\u00e5 textfiler som anv\u00e4nds f\u00f6r att lagra sm\u00e5 bitar av information. De lagras [&hellip;]<\/p>\n","protected":false},"author":2,"featured_media":0,"parent":0,"menu_order":0,"comment_status":"closed","ping_status":"closed","template":"","meta":{"site-sidebar-layout":"no-sidebar","site-content-layout":"page-builder","ast-site-content-layout":"full-width-container","site-content-style":"default","site-sidebar-style":"default","ast-global-header-display":"","ast-banner-title-visibility":"","ast-main-header-display":"","ast-hfb-above-header-display":"","ast-hfb-below-header-display":"","ast-hfb-mobile-header-display":"","site-post-title":"disabled","ast-breadcrumbs-content":"","ast-featured-img":"disabled","footer-sml-layout":"","ast-disable-related-posts":"","theme-transparent-header-meta":"default","adv-header-id-meta":"","stick-header-meta":"","header-above-stick-meta":"","header-main-stick-meta":"","header-below-stick-meta":"","astra-migrate-meta-layouts":"set","ast-page-background-enabled":"default","ast-page-background-meta":{"desktop":{"background-color":"var(--ast-global-color-4)","background-image":"","background-repeat":"repeat","background-position":"center center","background-size":"auto","background-attachment":"scroll","background-type":"","background-media":"","overlay-type":"","overlay-color":"","overlay-opacity":"","overlay-gradient":""},"tablet":{"background-color":"","background-image":"","background-repeat":"repeat","background-position":"center center","background-size":"auto","background-attachment":"scroll","background-type":"","background-media":"","overlay-type":"","overlay-color":"","overlay-opacity":"","overlay-gradient":""},"mobile":{"background-color":"","background-image":"","background-repeat":"repeat","background-position":"center center","background-size":"auto","background-attachment":"scroll","background-type":"","background-media":"","overlay-type":"","overlay-color":"","overlay-opacity":"","overlay-gradient":""}},"ast-content-background-meta":{"desktop":{"background-color":"var(--ast-global-color-5)","background-image":"","background-repeat":"repeat","background-position":"center center","background-size":"auto","background-attachment":"scroll","background-type":"","background-media":"","overlay-type":"","overlay-color":"","overlay-opacity":"","overlay-gradient":""},"tablet":{"background-color":"var(--ast-global-color-5)","background-image":"","background-repeat":"repeat","background-position":"center center","background-size":"auto","background-attachment":"scroll","background-type":"","background-media":"","overlay-type":"","overlay-color":"","overlay-opacity":"","overlay-gradient":""},"mobile":{"background-color":"var(--ast-global-color-5)","background-image":"","background-repeat":"repeat","background-position":"center center","background-size":"auto","background-attachment":"scroll","background-type":"","background-media":"","overlay-type":"","overlay-color":"","overlay-opacity":"","overlay-gradient":""}},"footnotes":""},"class_list":["post-3066","page","type-page","status-publish","hentry"],"_links":{"self":[{"href":"https:\/\/www.diamantprofil.com\/en\/wp-json\/wp\/v2\/pages\/3066","targetHints":{"allow":["GET"]}}],"collection":[{"href":"https:\/\/www.diamantprofil.com\/en\/wp-json\/wp\/v2\/pages"}],"about":[{"href":"https:\/\/www.diamantprofil.com\/en\/wp-json\/wp\/v2\/types\/page"}],"author":[{"embeddable":true,"href":"https:\/\/www.diamantprofil.com\/en\/wp-json\/wp\/v2\/users\/2"}],"replies":[{"embeddable":true,"href":"https:\/\/www.diamantprofil.com\/en\/wp-json\/wp\/v2\/comments?post=3066"}],"version-history":[{"count":5,"href":"https:\/\/www.diamantprofil.com\/en\/wp-json\/wp\/v2\/pages\/3066\/revisions"}],"predecessor-version":[{"id":3185,"href":"https:\/\/www.diamantprofil.com\/en\/wp-json\/wp\/v2\/pages\/3066\/revisions\/3185"}],"wp:attachment":[{"href":"https:\/\/www.diamantprofil.com\/en\/wp-json\/wp\/v2\/media?parent=3066"}],"curies":[{"name":"wp","href":"https:\/\/api.w.org\/{rel}","templated":true}]}}