{"id":2375,"date":"2024-06-23T14:08:55","date_gmt":"2024-06-23T14:08:55","guid":{"rendered":"https:\/\/www.diamantprofil.com\/?page_id=2375"},"modified":"2025-04-22T11:10:00","modified_gmt":"2025-04-22T11:10:00","slug":"elektroplaterade-diamant-och-cbn-verktyg","status":"publish","type":"page","link":"https:\/\/www.diamantprofil.com\/en\/elektroplaterade-diamant-och-cbn-verktyg\/","title":{"rendered":"Electroplated diamond and CBN tools"},"content":{"rendered":"<div data-elementor-type=\"wp-page\" data-elementor-id=\"2375\" class=\"elementor elementor-2375\" data-elementor-post-type=\"page\">\n\t\t\t\t<div class=\"elementor-element elementor-element-19b8c8c e-flex e-con-boxed e-con e-parent\" data-id=\"19b8c8c\" data-element_type=\"container\" data-e-type=\"container\" data-settings=\"{&quot;background_background&quot;:&quot;classic&quot;}\">\n\t\t\t\t\t<div class=\"e-con-inner\">\n\t\t<div class=\"elementor-element elementor-element-372848a e-con-full e-flex e-con e-child\" data-id=\"372848a\" data-element_type=\"container\" data-e-type=\"container\">\n\t\t\t\t<div class=\"elementor-element elementor-element-0ccf104 elementor-widget elementor-widget-heading\" data-id=\"0ccf104\" data-element_type=\"widget\" data-e-type=\"widget\" data-widget_type=\"heading.default\">\n\t\t\t\t<div class=\"elementor-widget-container\">\n\t\t\t\t\t<h1 class=\"elementor-heading-title elementor-size-default\">Electroplated diamond and CBN tools<\/h1>\t\t\t\t<\/div>\n\t\t\t\t<\/div>\n\t\t\t\t<\/div>\n\t\t\t\t\t<\/div>\n\t\t\t\t<\/div>\n\t\t<div class=\"elementor-element elementor-element-8338255 e-flex e-con-boxed e-con e-parent\" data-id=\"8338255\" data-element_type=\"container\" data-e-type=\"container\" data-settings=\"{&quot;background_background&quot;:&quot;classic&quot;}\">\n\t\t\t\t\t<div class=\"e-con-inner\">\n\t\t<div class=\"elementor-element elementor-element-87eb59b e-con-full e-flex e-con e-child\" data-id=\"87eb59b\" data-element_type=\"container\" data-e-type=\"container\">\n\t\t\t\t<div class=\"elementor-element elementor-element-38fa8ce elementor-widget-divider--view-line elementor-widget elementor-widget-divider\" data-id=\"38fa8ce\" data-element_type=\"widget\" data-e-type=\"widget\" data-widget_type=\"divider.default\">\n\t\t\t\t<div class=\"elementor-widget-container\">\n\t\t\t\t\t\t\t<div class=\"elementor-divider\">\n\t\t\t<span class=\"elementor-divider-separator\">\n\t\t\t\t\t\t<\/span>\n\t\t<\/div>\n\t\t\t\t\t\t<\/div>\n\t\t\t\t<\/div>\n\t\t\t\t<div class=\"elementor-element elementor-element-012d882 elementor-widget elementor-widget-heading\" data-id=\"012d882\" data-element_type=\"widget\" data-e-type=\"widget\" data-widget_type=\"heading.default\">\n\t\t\t\t<div class=\"elementor-widget-container\">\n\t\t\t\t\t<h2 class=\"elementor-heading-title elementor-size-default\">Manufacture of newly electroplated grinding products<\/h2>\t\t\t\t<\/div>\n\t\t\t\t<\/div>\n\t\t\t\t<div class=\"elementor-element elementor-element-35ebd54 elementor-widget elementor-widget-text-editor\" data-id=\"35ebd54\" data-element_type=\"widget\" data-e-type=\"widget\" data-widget_type=\"text-editor.default\">\n\t\t\t\t<div class=\"elementor-widget-container\">\n\t\t\t\t\t\t\t\t\t<p>We have developed a highly efficient method for electroplating&nbsp;<a href=\"https:\/\/www.diamantprofil.com\/en\/diamantverktyg\/\" target=\"_blank\">diamond tools<\/a>&nbsp;and boron nitride tools for grinding hard and demanding materials. our method provides improved cutting performance by using the highest grain quality, maximum grain concentration, and a high degree of grain exposure.<\/p>\t\t\t\t\t\t\t\t<\/div>\n\t\t\t\t<\/div>\n\t\t\t\t<div class=\"elementor-element elementor-element-83b1ab3 elementor-widget elementor-widget-heading\" data-id=\"83b1ab3\" data-element_type=\"widget\" data-e-type=\"widget\" data-widget_type=\"heading.default\">\n\t\t\t\t<div class=\"elementor-widget-container\">\n\t\t\t\t\t<h3 class=\"elementor-heading-title elementor-size-default\">Manufacture of newly electroplated grinding products<\/h3>\t\t\t\t<\/div>\n\t\t\t\t<\/div>\n\t\t\t\t<div class=\"elementor-element elementor-element-29b45c5 elementor-widget elementor-widget-text-editor\" data-id=\"29b45c5\" data-element_type=\"widget\" data-e-type=\"widget\" data-widget_type=\"text-editor.default\">\n\t\t\t\t<div class=\"elementor-widget-container\">\n\t\t\t\t\t\t\t\t\t<p>Re-coating is a highly profitable process that also prioritizes environmental conservation. You send the tools to Diamantprofil in Skog\u00e5s, where we remove the worn coating and apply a new grinding layer to the existing frame, making the tools as good as new. If the frame is intact, it can be re-coated multiple times, which is very cost-effective.<\/p><p>Feel free to contact our sales department for advice and inquiries regarding quotations.<\/p><p>Here you can find all our\u00a0<strong><a href=\"https:\/\/www.diamantprofil.com\/en\/broschyrer\/\">product sheets\/brochures.<\/a><\/strong><\/p>\t\t\t\t\t\t\t\t<\/div>\n\t\t\t\t<\/div>\n\t\t\t\t<\/div>\n\t\t<div class=\"elementor-element elementor-element-120c976 e-con-full e-flex e-con e-child\" data-id=\"120c976\" data-element_type=\"container\" data-e-type=\"container\" data-settings=\"{&quot;background_background&quot;:&quot;classic&quot;}\">\n\t\t\t\t<div class=\"elementor-element elementor-element-5ba52e0 elementor-widget elementor-widget-image\" data-id=\"5ba52e0\" data-element_type=\"widget\" data-e-type=\"widget\" data-widget_type=\"image.default\">\n\t\t\t\t<div class=\"elementor-widget-container\">\n\t\t\t\t\t\t\t\t\t\t\t\t\t\t\t<img fetchpriority=\"high\" decoding=\"async\" width=\"1000\" height=\"1000\" src=\"https:\/\/www.diamantprofil.com\/wp-content\/uploads\/2024\/06\/elektroplatering-text.jpg\" class=\"attachment-full size-full wp-image-2354\" alt=\"N\u00e4rbild av olika slipskivor och skivor, med olika texturer och storlekar, arrangerade \u00f6verlappande varandra mot en m\u00f6rk bakgrund.\" srcset=\"https:\/\/www.diamantprofil.com\/wp-content\/uploads\/2024\/06\/elektroplatering-text.jpg 1000w, https:\/\/www.diamantprofil.com\/wp-content\/uploads\/2024\/06\/elektroplatering-text-300x300.jpg 300w, https:\/\/www.diamantprofil.com\/wp-content\/uploads\/2024\/06\/elektroplatering-text-150x150.jpg 150w, https:\/\/www.diamantprofil.com\/wp-content\/uploads\/2024\/06\/elektroplatering-text-768x768.jpg 768w\" sizes=\"(max-width: 1000px) 100vw, 1000px\" \/>\t\t\t\t\t\t\t\t\t\t\t\t\t\t\t<\/div>\n\t\t\t\t<\/div>\n\t\t\t\t<\/div>\n\t\t\t\t\t<\/div>\n\t\t\t\t<\/div>\n\t\t\t\t<\/div>","protected":false},"excerpt":{"rendered":"<p>Nytillverkningar av elektropl\u00e4terade slipprodukter Vi har utvecklat en h\u00f6geffektiv metod f\u00f6r elektropl\u00e4tering av&nbsp;diamantverktyg&nbsp;och bornitridverktyg f\u00f6r slipning i h\u00e5rda och kr\u00e4vande material. V\u00e5r metod inneb\u00e4r en b\u00e4ttre avverkningskapacitet genom att vi anv\u00e4nder h\u00f6gsta kornkvalit\u00e9, maximal kornkoncentration samt en h\u00f6g fril\u00e4ggningsgrad. Nytillverkningar av elektropl\u00e4terade slipprodukter Ombel\u00e4ggningar \u00e4r en mycket l\u00f6nsam \u00e5tg\u00e4rd samtidigt som vi v\u00e4rnar om v\u00e5r [&hellip;]<\/p>\n","protected":false},"author":1,"featured_media":0,"parent":0,"menu_order":0,"comment_status":"closed","ping_status":"closed","template":"","meta":{"site-sidebar-layout":"no-sidebar","site-content-layout":"page-builder","ast-site-content-layout":"full-width-container","site-content-style":"unboxed","site-sidebar-style":"unboxed","ast-global-header-display":"","ast-banner-title-visibility":"","ast-main-header-display":"","ast-hfb-above-header-display":"","ast-hfb-below-header-display":"","ast-hfb-mobile-header-display":"","site-post-title":"disabled","ast-breadcrumbs-content":"disabled","ast-featured-img":"disabled","footer-sml-layout":"","ast-disable-related-posts":"","theme-transparent-header-meta":"enabled","adv-header-id-meta":"","stick-header-meta":"","header-above-stick-meta":"","header-main-stick-meta":"","header-below-stick-meta":"","astra-migrate-meta-layouts":"set","ast-page-background-enabled":"default","ast-page-background-meta":{"desktop":{"background-color":"var(--ast-global-color-4)","background-image":"","background-repeat":"repeat","background-position":"center center","background-size":"auto","background-attachment":"scroll","background-type":"","background-media":"","overlay-type":"","overlay-color":"","overlay-opacity":"","overlay-gradient":""},"tablet":{"background-color":"","background-image":"","background-repeat":"repeat","background-position":"center center","background-size":"auto","background-attachment":"scroll","background-type":"","background-media":"","overlay-type":"","overlay-color":"","overlay-opacity":"","overlay-gradient":""},"mobile":{"background-color":"","background-image":"","background-repeat":"repeat","background-position":"center center","background-size":"auto","background-attachment":"scroll","background-type":"","background-media":"","overlay-type":"","overlay-color":"","overlay-opacity":"","overlay-gradient":""}},"ast-content-background-meta":{"desktop":{"background-color":"var(--ast-global-color-5)","background-image":"","background-repeat":"repeat","background-position":"center center","background-size":"auto","background-attachment":"scroll","background-type":"","background-media":"","overlay-type":"","overlay-color":"","overlay-opacity":"","overlay-gradient":""},"tablet":{"background-color":"var(--ast-global-color-5)","background-image":"","background-repeat":"repeat","background-position":"center center","background-size":"auto","background-attachment":"scroll","background-type":"","background-media":"","overlay-type":"","overlay-color":"","overlay-opacity":"","overlay-gradient":""},"mobile":{"background-color":"var(--ast-global-color-5)","background-image":"","background-repeat":"repeat","background-position":"center center","background-size":"auto","background-attachment":"scroll","background-type":"","background-media":"","overlay-type":"","overlay-color":"","overlay-opacity":"","overlay-gradient":""}},"footnotes":""},"class_list":["post-2375","page","type-page","status-publish","hentry"],"_links":{"self":[{"href":"https:\/\/www.diamantprofil.com\/en\/wp-json\/wp\/v2\/pages\/2375","targetHints":{"allow":["GET"]}}],"collection":[{"href":"https:\/\/www.diamantprofil.com\/en\/wp-json\/wp\/v2\/pages"}],"about":[{"href":"https:\/\/www.diamantprofil.com\/en\/wp-json\/wp\/v2\/types\/page"}],"author":[{"embeddable":true,"href":"https:\/\/www.diamantprofil.com\/en\/wp-json\/wp\/v2\/users\/1"}],"replies":[{"embeddable":true,"href":"https:\/\/www.diamantprofil.com\/en\/wp-json\/wp\/v2\/comments?post=2375"}],"version-history":[{"count":5,"href":"https:\/\/www.diamantprofil.com\/en\/wp-json\/wp\/v2\/pages\/2375\/revisions"}],"predecessor-version":[{"id":3096,"href":"https:\/\/www.diamantprofil.com\/en\/wp-json\/wp\/v2\/pages\/2375\/revisions\/3096"}],"wp:attachment":[{"href":"https:\/\/www.diamantprofil.com\/en\/wp-json\/wp\/v2\/media?parent=2375"}],"curies":[{"name":"wp","href":"https:\/\/api.w.org\/{rel}","templated":true}]}}