{"id":2283,"date":"2024-06-23T13:30:54","date_gmt":"2024-06-23T13:30:54","guid":{"rendered":"https:\/\/www.diamantprofil.com\/?page_id=2283"},"modified":"2024-10-24T12:37:38","modified_gmt":"2024-10-24T12:37:38","slug":"skarpverktyg","status":"publish","type":"page","link":"https:\/\/www.diamantprofil.com\/en\/skarpverktyg\/","title":{"rendered":"Sharpening tools"},"content":{"rendered":"<div data-elementor-type=\"wp-page\" data-elementor-id=\"2283\" class=\"elementor elementor-2283\" data-elementor-post-type=\"page\">\n\t\t\t\t<div class=\"elementor-element elementor-element-19b8c8c e-flex e-con-boxed e-con e-parent\" data-id=\"19b8c8c\" data-element_type=\"container\" data-e-type=\"container\" data-settings=\"{&quot;background_background&quot;:&quot;classic&quot;}\">\n\t\t\t\t\t<div class=\"e-con-inner\">\n\t\t<div class=\"elementor-element elementor-element-372848a e-con-full e-flex e-con e-child\" data-id=\"372848a\" data-element_type=\"container\" data-e-type=\"container\">\n\t\t\t\t<div class=\"elementor-element elementor-element-0ccf104 elementor-widget elementor-widget-heading\" data-id=\"0ccf104\" data-element_type=\"widget\" data-e-type=\"widget\" data-widget_type=\"heading.default\">\n\t\t\t\t<div class=\"elementor-widget-container\">\n\t\t\t\t\t<h1 class=\"elementor-heading-title elementor-size-default\">Sharpening tools<\/h1>\t\t\t\t<\/div>\n\t\t\t\t<\/div>\n\t\t\t\t<\/div>\n\t\t\t\t\t<\/div>\n\t\t\t\t<\/div>\n\t\t<div class=\"elementor-element elementor-element-8338255 e-flex e-con-boxed e-con e-parent\" data-id=\"8338255\" data-element_type=\"container\" data-e-type=\"container\" data-settings=\"{&quot;background_background&quot;:&quot;classic&quot;}\">\n\t\t\t\t\t<div class=\"e-con-inner\">\n\t\t<div class=\"elementor-element elementor-element-87eb59b e-con-full e-flex e-con e-child\" data-id=\"87eb59b\" data-element_type=\"container\" data-e-type=\"container\">\n\t\t\t\t<div class=\"elementor-element elementor-element-38fa8ce elementor-widget-divider--view-line elementor-widget elementor-widget-divider\" data-id=\"38fa8ce\" data-element_type=\"widget\" data-e-type=\"widget\" data-widget_type=\"divider.default\">\n\t\t\t\t<div class=\"elementor-widget-container\">\n\t\t\t\t\t\t\t<div class=\"elementor-divider\">\n\t\t\t<span class=\"elementor-divider-separator\">\n\t\t\t\t\t\t<\/span>\n\t\t<\/div>\n\t\t\t\t\t\t<\/div>\n\t\t\t\t<\/div>\n\t\t\t\t<div class=\"elementor-element elementor-element-012d882 elementor-widget elementor-widget-heading\" data-id=\"012d882\" data-element_type=\"widget\" data-e-type=\"widget\" data-widget_type=\"heading.default\">\n\t\t\t\t<div class=\"elementor-widget-container\">\n\t\t\t\t\t<h2 class=\"elementor-heading-title elementor-size-default\">Sharpening technology<\/h2>\t\t\t\t<\/div>\n\t\t\t\t<\/div>\n\t\t\t\t<div class=\"elementor-element elementor-element-35ebd54 elementor-widget elementor-widget-text-editor\" data-id=\"35ebd54\" data-element_type=\"widget\" data-e-type=\"widget\" data-widget_type=\"text-editor.default\">\n\t\t\t\t<div class=\"elementor-widget-container\">\n\t\t\t\t\t\t\t\t\t<p>Through extensive experience and close collaboration with our customers, we have developed a wide range of modern and reliable sharpening tools with natural or synthetic diamond, as well as sharpening rollers, that meet today's high standards.<\/p>\t\t\t\t\t\t\t\t<\/div>\n\t\t\t\t<\/div>\n\t\t\t\t<div class=\"elementor-element elementor-element-83b1ab3 elementor-widget elementor-widget-heading\" data-id=\"83b1ab3\" data-element_type=\"widget\" data-e-type=\"widget\" data-widget_type=\"heading.default\">\n\t\t\t\t<div class=\"elementor-widget-container\">\n\t\t\t\t\t<h3 class=\"elementor-heading-title elementor-size-default\">Please refer to the product sheets for some of our standard products.<\/h3>\t\t\t\t<\/div>\n\t\t\t\t<\/div>\n\t\t\t\t<div class=\"elementor-element elementor-element-29b45c5 elementor-widget elementor-widget-text-editor\" data-id=\"29b45c5\" data-element_type=\"widget\" data-e-type=\"widget\" data-widget_type=\"text-editor.default\">\n\t\t\t\t<div class=\"elementor-widget-container\">\n\t\t\t\t\t\t\t\t\t<ul><li><strong><a href=\"https:\/\/www.diamantprofil.com\/wp-content\/uploads\/2024\/06\/fingerskarv_10101-scaled.jpg\" target=\"_blank\" rel=\"noopener\">Diamond sharpening rollers<\/a><\/strong><\/li><li><a href=\"https:\/\/www.diamantprofil.com\/wp-content\/uploads\/2024\/06\/Skarpverktyg-naturdiamant.pdf\" target=\"_blank\" rel=\"noopener\"><strong>Single-point tools<\/strong><\/a>\u00a0with natural diamond (ND)<\/li><li><a href=\"https:\/\/www.diamantprofil.com\/wp-content\/uploads\/2024\/06\/Enstensverktyg-monokristall.pdf\" target=\"_blank\" rel=\"noopener\"><strong>Single-point tools<\/strong><\/a>\u00a0with synthetic diamond (SD)<\/li><li><strong><a href=\"https:\/\/www.diamantprofil.com\/wp-content\/uploads\/2024\/06\/Handskarpare.pdf\" target=\"_blank\" rel=\"noopener\">Hand sharpener<\/a><\/strong><\/li><li><strong><a href=\"https:\/\/www.diamantprofil.com\/wp-content\/uploads\/2024\/06\/Diamantpatronverktyg.pdf\" target=\"_blank\" rel=\"noopener\">Diamond needle files<\/a><\/strong>\u00a0to achieve fine surfaces<\/li><li><strong><a href=\"https:\/\/www.diamantprofil.com\/wp-content\/uploads\/2024\/06\/Skarpverktyg-for-justering-av-slipskivor.pdf\" target=\"_blank\" rel=\"noopener\">Sk\u00e4rp-verktyg<\/a><\/strong>\u00a0for adjusting diamond and CBN grinding wheels<\/li><li><a href=\"https:\/\/www.diamantprofil.com\/wp-content\/uploads\/2024\/06\/diamant_3.jpg\" target=\"_blank\" rel=\"noopener\"><strong>VSD<\/strong><\/a>\u00a0- Blade tools with synthetic diamonds<\/li><li><strong>DPN<\/strong> \u2013 Bladverktyg (naturdiamanter)<\/li><li><strong><a href=\"https:\/\/www.diamantprofil.com\/wp-content\/uploads\/2024\/06\/PCD.pdf\" target=\"_blank\" rel=\"noopener\">PCD tools<\/a><\/strong><\/li><\/ul>\t\t\t\t\t\t\t\t<\/div>\n\t\t\t\t<\/div>\n\t\t\t\t<\/div>\n\t\t<div class=\"elementor-element elementor-element-120c976 e-con-full e-flex e-con e-child\" data-id=\"120c976\" data-element_type=\"container\" data-e-type=\"container\" data-settings=\"{&quot;background_background&quot;:&quot;classic&quot;}\">\n\t\t\t\t<div class=\"elementor-element elementor-element-5ba52e0 elementor-widget elementor-widget-image\" data-id=\"5ba52e0\" data-element_type=\"widget\" data-e-type=\"widget\" data-widget_type=\"image.default\">\n\t\t\t\t<div class=\"elementor-widget-container\">\n\t\t\t\t\t\t\t\t\t\t\t\t\t\t\t<img fetchpriority=\"high\" decoding=\"async\" width=\"1000\" height=\"1000\" src=\"https:\/\/www.diamantprofil.com\/wp-content\/uploads\/2024\/06\/diamantverktyg.jpg\" class=\"attachment-full size-full wp-image-2358\" alt=\"Olika maskindelar av metall, inklusive skruvar, cylindriska delar och beslag, \u00e4r inriktade sida vid sida mot en vit bakgrund.\" srcset=\"https:\/\/www.diamantprofil.com\/wp-content\/uploads\/2024\/06\/diamantverktyg.jpg 1000w, https:\/\/www.diamantprofil.com\/wp-content\/uploads\/2024\/06\/diamantverktyg-300x300.jpg 300w, https:\/\/www.diamantprofil.com\/wp-content\/uploads\/2024\/06\/diamantverktyg-150x150.jpg 150w, https:\/\/www.diamantprofil.com\/wp-content\/uploads\/2024\/06\/diamantverktyg-768x768.jpg 768w\" sizes=\"(max-width: 1000px) 100vw, 1000px\" \/>\t\t\t\t\t\t\t\t\t\t\t\t\t\t\t<\/div>\n\t\t\t\t<\/div>\n\t\t\t\t<\/div>\n\t\t\t\t\t<\/div>\n\t\t\t\t<\/div>\n\t\t<div class=\"elementor-element elementor-element-c98ab05 e-flex e-con-boxed e-con e-parent\" data-id=\"c98ab05\" data-element_type=\"container\" data-e-type=\"container\" data-settings=\"{&quot;background_background&quot;:&quot;classic&quot;}\">\n\t\t\t\t\t<div class=\"e-con-inner\">\n\t\t<div class=\"elementor-element elementor-element-cf24dff e-con-full e-flex e-con e-child\" data-id=\"cf24dff\" data-element_type=\"container\" data-e-type=\"container\">\n\t\t\t\t<div class=\"elementor-element elementor-element-091e464 elementor-widget elementor-widget-heading\" data-id=\"091e464\" data-element_type=\"widget\" data-e-type=\"widget\" data-widget_type=\"heading.default\">\n\t\t\t\t<div class=\"elementor-widget-container\">\n\t\t\t\t\t<h2 class=\"elementor-heading-title elementor-size-default\">Sharpening tools, grinding tools and their function<\/h2>\t\t\t\t<\/div>\n\t\t\t\t<\/div>\n\t\t\t\t<div class=\"elementor-element elementor-element-9f1edee elementor-widget elementor-widget-text-editor\" data-id=\"9f1edee\" data-element_type=\"widget\" data-e-type=\"widget\" data-widget_type=\"text-editor.default\">\n\t\t\t\t<div class=\"elementor-widget-container\">\n\t\t\t\t\t\t\t\t\t<p>Sharpening tools are used to keep other tools and machines sharp and efficient. They come in many different types, each with its unique function and application. For example, diamond sharpening rollers are often used to ensure even and high-quality sharpening. These tools are especially important in precision industries where accuracy is of the utmost importance.<\/p><p>Another example includes single-stone tools with natural diamonds (DP) and single-stone tools with synthetic diamonds (VSD). These are essential for ensuring that grinding wheels and other abrasive tools maintain the highest possible quality. VSD \u2013 blade tools with synthetic diamonds \u2013 and DPN \u2013 blade tools with natural diamonds \u2013 are specific types used depending on the material being processed and the level of precision required.<\/p><p>In addition, handheld sharpeners are often used for manual tasks, for example, in situations where machine sharpening is not possible or practical.<\/p>\t\t\t\t\t\t\t\t<\/div>\n\t\t\t\t<\/div>\n\t\t\t\t<\/div>\n\t\t<div class=\"elementor-element elementor-element-0fe0375 e-con-full e-flex e-con e-child\" data-id=\"0fe0375\" data-element_type=\"container\" data-e-type=\"container\" data-settings=\"{&quot;background_background&quot;:&quot;classic&quot;}\">\n\t\t\t\t<div class=\"elementor-element elementor-element-345b318 elementor-widget elementor-widget-image\" data-id=\"345b318\" data-element_type=\"widget\" data-e-type=\"widget\" data-widget_type=\"image.default\">\n\t\t\t\t<div class=\"elementor-widget-container\">\n\t\t\t\t\t\t\t\t\t\t\t\t\t\t\t<img decoding=\"async\" width=\"316\" height=\"385\" src=\"https:\/\/www.diamantprofil.com\/wp-content\/uploads\/2024\/08\/diamantskarprullar.jpg\" class=\"attachment-full size-full wp-image-2995\" alt=\"Diamantsk\u00e4rprullar\" srcset=\"https:\/\/www.diamantprofil.com\/wp-content\/uploads\/2024\/08\/diamantskarprullar.jpg 316w, https:\/\/www.diamantprofil.com\/wp-content\/uploads\/2024\/08\/diamantskarprullar-246x300.jpg 246w, https:\/\/www.diamantprofil.com\/wp-content\/uploads\/2024\/08\/diamantskarprullar-10x12.jpg 10w\" sizes=\"(max-width: 316px) 100vw, 316px\" \/>\t\t\t\t\t\t\t\t\t\t\t\t\t\t\t<\/div>\n\t\t\t\t<\/div>\n\t\t\t\t<\/div>\n\t\t\t\t\t<\/div>\n\t\t\t\t<\/div>\n\t\t<div class=\"elementor-element elementor-element-c2df259 e-flex e-con-boxed e-con e-parent\" data-id=\"c2df259\" data-element_type=\"container\" data-e-type=\"container\" data-settings=\"{&quot;background_background&quot;:&quot;classic&quot;}\">\n\t\t\t\t\t<div class=\"e-con-inner\">\n\t\t<div class=\"elementor-element elementor-element-86efe10 e-con-full e-flex e-con e-child\" data-id=\"86efe10\" data-element_type=\"container\" data-e-type=\"container\">\n\t\t\t\t<div class=\"elementor-element elementor-element-de5d8da elementor-widget elementor-widget-heading\" data-id=\"de5d8da\" data-element_type=\"widget\" data-e-type=\"widget\" data-widget_type=\"heading.default\">\n\t\t\t\t<div class=\"elementor-widget-container\">\n\t\t\t\t\t<h2 class=\"elementor-heading-title elementor-size-default\">Different products and their uses<\/h2>\t\t\t\t<\/div>\n\t\t\t\t<\/div>\n\t\t\t\t<div class=\"elementor-element elementor-element-06f4da1 elementor-widget elementor-widget-text-editor\" data-id=\"06f4da1\" data-element_type=\"widget\" data-e-type=\"widget\" data-widget_type=\"text-editor.default\">\n\t\t\t\t<div class=\"elementor-widget-container\">\n\t\t\t\t\t\t\t\t\t<p>When it comes to sharpening tools, there is a wide range of products to choose from, depending on specific needs and applications. Diamond cartridge tools, used to achieve fine surfaces, are an example of sharpening tools designed to create extremely smooth and precise finishes on various materials. These tools are essential in manufacturing processes where surface finish is critical.<\/p><p>Sharpening tools for adjusting diamond and CBN grinding wheels are also important in many industries. These tools ensure that grinding wheels maintain their shape and sharpness, which in turn leads to better machining and longer tool life. PCD tools, or polycrystalline diamond tools, are another key part of this category, used for machining extremely hard materials with high precision.<\/p><p>Diamond sharpening rollers, single-stone tools with natural diamonds (DP), single-stone tools with synthetic diamonds (VSD), and handheld sharpeners are all examples of sharpening tools specifically designed to meet multiple industrial purposes. They are also widely used to ensure that all machined surfaces meet the strict quality standards required by many industries in Sweden.<\/p><p>For more information about specific products and their uses,\u00a0<span style=\"text-align: var(--text-align); background-color: var( --e-global-color-astglobalcolor5 ); color: var(--ast-global-color-3); font-size: 1rem;\">purchasing products,\u00a0<\/span><span style=\"font-style: inherit; font-weight: inherit; text-align: var(--text-align); background-color: var( --e-global-color-astglobalcolor5 ); color: var(--ast-global-color-3);\">or advice on which tools are best suited for your company, you can contact us. We provide detailed guidance and ensure you get the right solution for your operations. Diamantprofil \u2013 Made in Sweden.<\/span><\/p><!-- x-tinymce\/html -->\t\t\t\t\t\t\t\t<\/div>\n\t\t\t\t<\/div>\n\t\t\t\t<\/div>\n\t\t<div class=\"elementor-element elementor-element-96891c9 e-con-full e-flex e-con e-child\" data-id=\"96891c9\" data-element_type=\"container\" data-e-type=\"container\" data-settings=\"{&quot;background_background&quot;:&quot;classic&quot;}\">\n\t\t\t\t<div class=\"elementor-element elementor-element-bdd23a5 elementor-widget elementor-widget-image\" data-id=\"bdd23a5\" data-element_type=\"widget\" data-e-type=\"widget\" data-widget_type=\"image.default\">\n\t\t\t\t<div class=\"elementor-widget-container\">\n\t\t\t\t\t\t\t\t\t\t\t\t\t\t\t<img decoding=\"async\" width=\"316\" height=\"385\" src=\"https:\/\/www.diamantprofil.com\/wp-content\/uploads\/2024\/08\/skarpverktyg.jpg\" class=\"attachment-full size-full wp-image-2996\" alt=\"Sk\u00e4rpverktyg i olika utf\u00f6rande.\" srcset=\"https:\/\/www.diamantprofil.com\/wp-content\/uploads\/2024\/08\/skarpverktyg.jpg 316w, https:\/\/www.diamantprofil.com\/wp-content\/uploads\/2024\/08\/skarpverktyg-246x300.jpg 246w, https:\/\/www.diamantprofil.com\/wp-content\/uploads\/2024\/08\/skarpverktyg-10x12.jpg 10w\" sizes=\"(max-width: 316px) 100vw, 316px\" \/>\t\t\t\t\t\t\t\t\t\t\t\t\t\t\t<\/div>\n\t\t\t\t<\/div>\n\t\t\t\t<\/div>\n\t\t\t\t\t<\/div>\n\t\t\t\t<\/div>\n\t\t\t\t<\/div>","protected":false},"excerpt":{"rendered":"<p>Sk\u00e4rpteknik Genom l\u00e5ng erfarenhet och n\u00e4ra samarbete med v\u00e5ra kunder har vi utvecklat ett brett sortiment av moderna och drifts\u00e4kra sk\u00e4rpverktyg med natur eller syntetdiamant samt sk\u00e4rprullar som uppfyller dagens h\u00f6gt st\u00e4llda krav. Se produktbladen f\u00f6r n\u00e5gra av v\u00e5ra standardprodukter Diamantsk\u00e4rprullar Enstensverktyg\u00a0med naturdiamant (DP) Enstensverktyg\u00a0med syntetdiamant (VSD) Handsk\u00e4rpare Diamantpatronverktyg\u00a0f\u00f6r att erh\u00e5lla fina ytor Sk\u00e4rp-verktyg\u00a0f\u00f6r justering [&hellip;]<\/p>\n","protected":false},"author":1,"featured_media":0,"parent":0,"menu_order":0,"comment_status":"closed","ping_status":"closed","template":"","meta":{"site-sidebar-layout":"no-sidebar","site-content-layout":"page-builder","ast-site-content-layout":"full-width-container","site-content-style":"unboxed","site-sidebar-style":"unboxed","ast-global-header-display":"","ast-banner-title-visibility":"","ast-main-header-display":"","ast-hfb-above-header-display":"","ast-hfb-below-header-display":"","ast-hfb-mobile-header-display":"","site-post-title":"disabled","ast-breadcrumbs-content":"disabled","ast-featured-img":"disabled","footer-sml-layout":"","ast-disable-related-posts":"","theme-transparent-header-meta":"enabled","adv-header-id-meta":"","stick-header-meta":"","header-above-stick-meta":"","header-main-stick-meta":"","header-below-stick-meta":"","astra-migrate-meta-layouts":"set","ast-page-background-enabled":"default","ast-page-background-meta":{"desktop":{"background-color":"var(--ast-global-color-4)","background-image":"","background-repeat":"repeat","background-position":"center center","background-size":"auto","background-attachment":"scroll","background-type":"","background-media":"","overlay-type":"","overlay-color":"","overlay-opacity":"","overlay-gradient":""},"tablet":{"background-color":"","background-image":"","background-repeat":"repeat","background-position":"center center","background-size":"auto","background-attachment":"scroll","background-type":"","background-media":"","overlay-type":"","overlay-color":"","overlay-opacity":"","overlay-gradient":""},"mobile":{"background-color":"","background-image":"","background-repeat":"repeat","background-position":"center center","background-size":"auto","background-attachment":"scroll","background-type":"","background-media":"","overlay-type":"","overlay-color":"","overlay-opacity":"","overlay-gradient":""}},"ast-content-background-meta":{"desktop":{"background-color":"var(--ast-global-color-5)","background-image":"","background-repeat":"repeat","background-position":"center center","background-size":"auto","background-attachment":"scroll","background-type":"","background-media":"","overlay-type":"","overlay-color":"","overlay-opacity":"","overlay-gradient":""},"tablet":{"background-color":"var(--ast-global-color-5)","background-image":"","background-repeat":"repeat","background-position":"center center","background-size":"auto","background-attachment":"scroll","background-type":"","background-media":"","overlay-type":"","overlay-color":"","overlay-opacity":"","overlay-gradient":""},"mobile":{"background-color":"var(--ast-global-color-5)","background-image":"","background-repeat":"repeat","background-position":"center center","background-size":"auto","background-attachment":"scroll","background-type":"","background-media":"","overlay-type":"","overlay-color":"","overlay-opacity":"","overlay-gradient":""}},"footnotes":""},"class_list":["post-2283","page","type-page","status-publish","hentry"],"_links":{"self":[{"href":"https:\/\/www.diamantprofil.com\/en\/wp-json\/wp\/v2\/pages\/2283","targetHints":{"allow":["GET"]}}],"collection":[{"href":"https:\/\/www.diamantprofil.com\/en\/wp-json\/wp\/v2\/pages"}],"about":[{"href":"https:\/\/www.diamantprofil.com\/en\/wp-json\/wp\/v2\/types\/page"}],"author":[{"embeddable":true,"href":"https:\/\/www.diamantprofil.com\/en\/wp-json\/wp\/v2\/users\/1"}],"replies":[{"embeddable":true,"href":"https:\/\/www.diamantprofil.com\/en\/wp-json\/wp\/v2\/comments?post=2283"}],"version-history":[{"count":5,"href":"https:\/\/www.diamantprofil.com\/en\/wp-json\/wp\/v2\/pages\/2283\/revisions"}],"predecessor-version":[{"id":3041,"href":"https:\/\/www.diamantprofil.com\/en\/wp-json\/wp\/v2\/pages\/2283\/revisions\/3041"}],"wp:attachment":[{"href":"https:\/\/www.diamantprofil.com\/en\/wp-json\/wp\/v2\/media?parent=2283"}],"curies":[{"name":"wp","href":"https:\/\/api.w.org\/{rel}","templated":true}]}}