{"id":1869,"date":"2024-06-16T15:35:29","date_gmt":"2024-06-16T15:35:29","guid":{"rendered":"https:\/\/www.diamantprofil.com\/?page_id=1869"},"modified":"2026-01-10T12:59:38","modified_gmt":"2026-01-10T12:59:38","slug":"offertformular","status":"publish","type":"page","link":"https:\/\/www.diamantprofil.com\/en\/offertformular\/","title":{"rendered":"Quote form"},"content":{"rendered":"\t\t<div data-elementor-type=\"wp-page\" data-elementor-id=\"1869\" class=\"elementor elementor-1869\" data-elementor-post-type=\"page\">\n\t\t\t\t<div class=\"elementor-element elementor-element-19b8c8c e-flex e-con-boxed e-con e-parent\" data-id=\"19b8c8c\" data-element_type=\"container\" data-e-type=\"container\" data-settings=\"{&quot;background_background&quot;:&quot;classic&quot;}\">\n\t\t\t\t\t<div class=\"e-con-inner\">\n\t\t<div class=\"elementor-element elementor-element-372848a e-con-full e-flex e-con e-child\" data-id=\"372848a\" data-element_type=\"container\" data-e-type=\"container\">\n\t\t\t\t<div class=\"elementor-element elementor-element-0ccf104 elementor-widget elementor-widget-heading\" data-id=\"0ccf104\" data-element_type=\"widget\" data-e-type=\"widget\" data-widget_type=\"heading.default\">\n\t\t\t\t<div class=\"elementor-widget-container\">\n\t\t\t\t\t<h1 class=\"elementor-heading-title elementor-size-default\">Offertformul\u00e4r<\/h1>\t\t\t\t<\/div>\n\t\t\t\t<\/div>\n\t\t\t\t<\/div>\n\t\t\t\t\t<\/div>\n\t\t\t\t<\/div>\n\t\t<div class=\"elementor-element elementor-element-8338255 e-flex e-con-boxed e-con e-parent\" data-id=\"8338255\" data-element_type=\"container\" data-e-type=\"container\" data-settings=\"{&quot;background_background&quot;:&quot;classic&quot;}\">\n\t\t\t\t\t<div class=\"e-con-inner\">\n\t\t<div class=\"elementor-element elementor-element-87eb59b e-con-full e-flex e-con e-child\" data-id=\"87eb59b\" data-element_type=\"container\" data-e-type=\"container\">\n\t\t\t\t<div class=\"elementor-element elementor-element-925cef2 elementor-widget elementor-widget-heading\" data-id=\"925cef2\" data-element_type=\"widget\" data-e-type=\"widget\" data-widget_type=\"heading.default\">\n\t\t\t\t<div class=\"elementor-widget-container\">\n\t\t\t\t\t<h3 class=\"elementor-heading-title elementor-size-default\">Formul\u00e4r<\/h3>\t\t\t\t<\/div>\n\t\t\t\t<\/div>\n\t\t\t\t<div class=\"elementor-element elementor-element-012d882 elementor-widget elementor-widget-heading\" data-id=\"012d882\" data-element_type=\"widget\" data-e-type=\"widget\" data-widget_type=\"heading.default\">\n\t\t\t\t<div class=\"elementor-widget-container\">\n\t\t\t\t\t<h2 class=\"elementor-heading-title elementor-size-default\">Vi hj\u00e4lper dig<\/h2>\t\t\t\t<\/div>\n\t\t\t\t<\/div>\n\t\t\t\t<div class=\"elementor-element elementor-element-35ebd54 elementor-widget elementor-widget-text-editor\" data-id=\"35ebd54\" data-element_type=\"widget\" data-e-type=\"widget\" data-widget_type=\"text-editor.default\">\n\t\t\t\t<div class=\"elementor-widget-container\">\n\t\t\t\t\t\t\t\t\t<p>V\u00e4nligen fyll i formul\u00e4ret nedan f\u00f6r att kontakta oss ang\u00e5ende v\u00e5ra specialiserade tj\u00e4nster inom elektropl\u00e4terade diamant- och CBN-verktyg, sk\u00e4rpverktyg, friktionsbel\u00e4ggning, ombel\u00e4ggningsservice och nytillverkning av slipprodukter. Vi ser fram emot att hj\u00e4lpa dig med skr\u00e4ddarsydda l\u00f6sningar och h\u00f6gkvalitativa produkter som m\u00f6ter dina specifika behov och krav.<\/p>\t\t\t\t\t\t\t\t<\/div>\n\t\t\t\t<\/div>\n\t\t\t\t<div class=\"elementor-element elementor-element-d6622d5 elementor-button-align-stretch elementor-widget elementor-widget-form\" data-id=\"d6622d5\" data-element_type=\"widget\" data-e-type=\"widget\" data-settings=\"{&quot;button_width&quot;:&quot;20&quot;,&quot;step_next_label&quot;:&quot;N\\u00e4sta&quot;,&quot;step_previous_label&quot;:&quot;F\\u00f6reg\\u00e5ende&quot;,&quot;step_type&quot;:&quot;number_text&quot;,&quot;step_icon_shape&quot;:&quot;circle&quot;}\" data-widget_type=\"form.default\">\n\t\t\t\t<div class=\"elementor-widget-container\">\n\t\t\t\t\t\t\t<form class=\"elementor-form\" method=\"post\" name=\"Nytt formul\u00e4r\" aria-label=\"Nytt formul\u00e4r\">\n\t\t\t<input type=\"hidden\" name=\"post_id\" value=\"1869\"\/>\n\t\t\t<input type=\"hidden\" name=\"form_id\" value=\"d6622d5\"\/>\n\t\t\t<input type=\"hidden\" name=\"referer_title\" value=\"Offerformul\u00e4r oml\u00e4ggningsservice - Diamantprofil\" \/>\n\n\t\t\t\t\t\t\t<input type=\"hidden\" name=\"queried_id\" value=\"1869\"\/>\n\t\t\t\n\t\t\t<div class=\"elementor-form-fields-wrapper elementor-labels-above\">\n\t\t\t\t\t\t\t\t<div class=\"elementor-field-type-text elementor-field-group elementor-column elementor-field-group-name elementor-col-50\">\n\t\t\t\t\t\t\t\t\t\t\t\t<label for=\"form-field-name\" class=\"elementor-field-label\">\n\t\t\t\t\t\t\t\tNamn\t\t\t\t\t\t\t<\/label>\n\t\t\t\t\t\t\t\t\t\t\t\t\t\t<input size=\"1\" type=\"text\" name=\"form_fields[name]\" id=\"form-field-name\" class=\"elementor-field elementor-size-sm  elementor-field-textual\">\n\t\t\t\t\t\t\t\t\t\t\t<\/div>\n\t\t\t\t\t\t\t\t<div class=\"elementor-field-type-tel elementor-field-group elementor-column elementor-field-group-telefon elementor-col-50 elementor-field-required elementor-mark-required\">\n\t\t\t\t\t\t\t\t\t\t\t\t<label for=\"form-field-telefon\" class=\"elementor-field-label\">\n\t\t\t\t\t\t\t\tTelefonnummer\t\t\t\t\t\t\t<\/label>\n\t\t\t\t\t\t\t\t<input size=\"1\" type=\"tel\" name=\"form_fields[telefon]\" id=\"form-field-telefon\" class=\"elementor-field elementor-size-sm  elementor-field-textual\" required=\"required\" pattern=\"[0-9()#&amp;+*-=.]+\" title=\"Endast siffror och telefontecken (#, -, *, etc) accepteras.\">\n\n\t\t\t\t\t\t<\/div>\n\t\t\t\t\t\t\t\t<div class=\"elementor-field-type-text elementor-field-group elementor-column elementor-field-group-orgnummer elementor-col-50 elementor-field-required elementor-mark-required\">\n\t\t\t\t\t\t\t\t\t\t\t\t<label for=\"form-field-orgnummer\" class=\"elementor-field-label\">\n\t\t\t\t\t\t\t\tOrganisationsnummer\t\t\t\t\t\t\t<\/label>\n\t\t\t\t\t\t\t\t\t\t\t\t\t\t<input size=\"1\" type=\"text\" name=\"form_fields[orgnummer]\" id=\"form-field-orgnummer\" class=\"elementor-field elementor-size-sm  elementor-field-textual\" required=\"required\">\n\t\t\t\t\t\t\t\t\t\t\t<\/div>\n\t\t\t\t\t\t\t\t<div class=\"elementor-field-type-email elementor-field-group elementor-column elementor-field-group-field_02cdfde elementor-col-50 elementor-field-required elementor-mark-required\">\n\t\t\t\t\t\t\t\t\t\t\t\t<label for=\"form-field-field_02cdfde\" class=\"elementor-field-label\">\n\t\t\t\t\t\t\t\tE-post\t\t\t\t\t\t\t<\/label>\n\t\t\t\t\t\t\t\t\t\t\t\t\t\t<input size=\"1\" type=\"email\" name=\"form_fields[field_02cdfde]\" id=\"form-field-field_02cdfde\" class=\"elementor-field elementor-size-sm  elementor-field-textual\" required=\"required\">\n\t\t\t\t\t\t\t\t\t\t\t<\/div>\n\t\t\t\t\t\t\t\t<div class=\"elementor-field-type-select elementor-field-group elementor-column elementor-field-group-tjanst elementor-col-100 elementor-field-required elementor-mark-required\">\n\t\t\t\t\t\t\t\t\t\t\t\t<label for=\"form-field-tjanst\" class=\"elementor-field-label\">\n\t\t\t\t\t\t\t\tVal av tj\u00e4nst\t\t\t\t\t\t\t<\/label>\n\t\t\t\t\t\t\t\t<div class=\"elementor-field elementor-select-wrapper remove-before \">\n\t\t\t<div class=\"select-caret-down-wrapper\">\n\t\t\t\t<svg aria-hidden=\"true\" class=\"e-font-icon-svg e-eicon-caret-down\" viewBox=\"0 0 571.4 571.4\" xmlns=\"http:\/\/www.w3.org\/2000\/svg\"><path d=\"M571 393Q571 407 561 418L311 668Q300 679 286 679T261 668L11 418Q0 407 0 393T11 368 36 357H536Q550 357 561 368T571 393Z\"><\/path><\/svg>\t\t\t<\/div>\n\t\t\t<select name=\"form_fields[tjanst]\" id=\"form-field-tjanst\" class=\"elementor-field-textual elementor-size-sm\" required=\"required\">\n\t\t\t\t\t\t\t\t\t<option value=\" Elektropl\u00e4terade diamant- och CBN-verktyg\"> Elektropl\u00e4terade diamant- och CBN-verktyg<\/option>\n\t\t\t\t\t\t\t\t\t<option value=\" Sk\u00e4rpverktyg\"> Sk\u00e4rpverktyg<\/option>\n\t\t\t\t\t\t\t\t\t<option value=\" Sintrade slipskivor\"> Sintrade slipskivor<\/option>\n\t\t\t\t\t\t\t\t\t<option value=\" Ombel\u00e4ggningsservice\"> Ombel\u00e4ggningsservice<\/option>\n\t\t\t\t\t\t\t\t\t<option value=\" Nytillverkning av elektropl\u00e4terade slipprodukter\"> Nytillverkning av elektropl\u00e4terade slipprodukter<\/option>\n\t\t\t\t\t\t\t<\/select>\n\t\t<\/div>\n\t\t\t\t\t\t<\/div>\n\t\t\t\t\t\t\t\t<div class=\"elementor-field-type-select elementor-field-group elementor-column elementor-field-group-field_f014ac9 elementor-col-100 elementor-field-required elementor-mark-required\">\n\t\t\t\t\t\t\t\t\t\t\t\t<label for=\"form-field-field_f014ac9\" class=\"elementor-field-label\">\n\t\t\t\t\t\t\t\tV\u00e4lj verktyg som ska behandlas\t\t\t\t\t\t\t<\/label>\n\t\t\t\t\t\t\t\t<div class=\"elementor-field elementor-select-wrapper remove-before \">\n\t\t\t<div class=\"select-caret-down-wrapper\">\n\t\t\t\t<svg aria-hidden=\"true\" class=\"e-font-icon-svg e-eicon-caret-down\" viewBox=\"0 0 571.4 571.4\" xmlns=\"http:\/\/www.w3.org\/2000\/svg\"><path d=\"M571 393Q571 407 561 418L311 668Q300 679 286 679T261 668L11 418Q0 407 0 393T11 368 36 357H536Q550 357 561 368T571 393Z\"><\/path><\/svg>\t\t\t<\/div>\n\t\t\t<select name=\"form_fields[field_f014ac9]\" id=\"form-field-field_f014ac9\" class=\"elementor-field-textual elementor-size-sm\" required=\"required\">\n\t\t\t\t\t\t\t\t\t<option value=\" Diamanth\u00e5ls\u00e5gar\"> Diamanth\u00e5ls\u00e5gar<\/option>\n\t\t\t\t\t\t\t\t\t<option value=\" Kapklingor\"> Kapklingor<\/option>\n\t\t\t\t\t\t\t\t\t<option value=\" Diamantn\u00e5lfilar\"> Diamantn\u00e5lfilar<\/option>\n\t\t\t\t\t\t\t\t\t<option value=\" Diamantpatronverktyg\"> Diamantpatronverktyg<\/option>\n\t\t\t\t\t\t\t\t\t<option value=\" Enstensverktyg monokristall\"> Enstensverktyg monokristall<\/option>\n\t\t\t\t\t\t\t\t\t<option value=\" Handsk\u00e4rpare\"> Handsk\u00e4rpare<\/option>\n\t\t\t\t\t\t\t\t\t<option value=\" Mindre borrslipskivor\"> Mindre borrslipskivor<\/option>\n\t\t\t\t\t\t\t\t\t<option value=\" Sk\u00e4rpverktyg naturdiamant\"> Sk\u00e4rpverktyg naturdiamant<\/option>\n\t\t\t\t\t\t\t\t\t<option value=\" Slipstift standard Diamant och CBN\"> Slipstift standard Diamant och CBN<\/option>\n\t\t\t\t\t\t\t\t\t<option value=\" Slipstift\"> Slipstift<\/option>\n\t\t\t\t\t\t\t\t\t<option value=\" Slipst\u00e4llskivor\"> Slipst\u00e4llskivor<\/option>\n\t\t\t\t\t\t\t\t\t<option value=\" St\u00f6rre borrslipskivor\"> St\u00f6rre borrslipskivor<\/option>\n\t\t\t\t\t\t\t\t\t<option value=\" Sk\u00e4rpverktyg f\u00f6r justering av slipskivor\"> Sk\u00e4rpverktyg f\u00f6r justering av slipskivor<\/option>\n\t\t\t\t\t\t\t\t\t<option value=\" Slipning av borrkronor\"> Slipning av borrkronor<\/option>\n\t\t\t\t\t\t\t\t\t<option value=\" Handslipklossar Diaflex\"> Handslipklossar Diaflex<\/option>\n\t\t\t\t\t\t\t\t\t<option value=\" Slip och polerverktyg f\u00f6r granit och marmor\"> Slip och polerverktyg f\u00f6r granit och marmor<\/option>\n\t\t\t\t\t\t\t\t\t<option value=\" Slipskivor till reducerst\u00e5lslipning\"> Slipskivor till reducerst\u00e5lslipning<\/option>\n\t\t\t\t\t\t\t\t\t<option value=\" Slipning av s\u00e5gkedjor\"> Slipning av s\u00e5gkedjor<\/option>\n\t\t\t\t\t\t\t<\/select>\n\t\t<\/div>\n\t\t\t\t\t\t<\/div>\n\t\t\t\t\t\t\t\t<div class=\"elementor-field-type-textarea elementor-field-group elementor-column elementor-field-group-message elementor-col-100\">\n\t\t\t\t\t\t\t\t\t\t\t\t<label for=\"form-field-message\" class=\"elementor-field-label\">\n\t\t\t\t\t\t\t\tMeddelande\t\t\t\t\t\t\t<\/label>\n\t\t\t\t\t\t<textarea class=\"elementor-field-textual elementor-field  elementor-size-sm\" name=\"form_fields[message]\" id=\"form-field-message\" rows=\"4\" placeholder=\"\u00d6vriga \u00f6nskem\u00e5l\"><\/textarea>\t\t\t\t<\/div>\n\t\t\t\t\t\t\t\t<div class=\"elementor-field-group elementor-column elementor-field-type-submit elementor-col-20 e-form__buttons\">\n\t\t\t\t\t<button class=\"elementor-button elementor-size-sm\" type=\"submit\">\n\t\t\t\t\t\t<span class=\"elementor-button-content-wrapper\">\n\t\t\t\t\t\t\t\t\t\t\t\t\t\t\t\t\t\t\t\t\t\t<span class=\"elementor-button-text\">Skicka<\/span>\n\t\t\t\t\t\t\t\t\t\t\t\t\t<\/span>\n\t\t\t\t\t<\/button>\n\t\t\t\t<\/div>\n\t\t\t<\/div>\n\t\t<\/form>\n\t\t\t\t\t\t<\/div>\n\t\t\t\t<\/div>\n\t\t\t\t<\/div>\n\t\t\t\t\t<\/div>\n\t\t\t\t<\/div>\n\t\t\t\t<\/div>\n\t\t","protected":false},"excerpt":{"rendered":"<p>Formul\u00e4r Vi hj\u00e4lper dig V\u00e4nligen fyll i formul\u00e4ret nedan f\u00f6r att kontakta oss ang\u00e5ende v\u00e5ra specialiserade tj\u00e4nster inom elektropl\u00e4terade diamant- och CBN-verktyg, sk\u00e4rpverktyg, friktionsbel\u00e4ggning, ombel\u00e4ggningsservice och nytillverkning av slipprodukter. Vi ser fram emot att hj\u00e4lpa dig med skr\u00e4ddarsydda l\u00f6sningar och h\u00f6gkvalitativa produkter som m\u00f6ter dina specifika behov och krav.<\/p>","protected":false},"author":1,"featured_media":0,"parent":0,"menu_order":0,"comment_status":"closed","ping_status":"closed","template":"","meta":{"site-sidebar-layout":"no-sidebar","site-content-layout":"page-builder","ast-site-content-layout":"full-width-container","site-content-style":"unboxed","site-sidebar-style":"unboxed","ast-global-header-display":"","ast-banner-title-visibility":"","ast-main-header-display":"","ast-hfb-above-header-display":"","ast-hfb-below-header-display":"","ast-hfb-mobile-header-display":"","site-post-title":"disabled","ast-breadcrumbs-content":"disabled","ast-featured-img":"disabled","footer-sml-layout":"","ast-disable-related-posts":"","theme-transparent-header-meta":"enabled","adv-header-id-meta":"","stick-header-meta":"","header-above-stick-meta":"","header-main-stick-meta":"","header-below-stick-meta":"","astra-migrate-meta-layouts":"set","ast-page-background-enabled":"default","ast-page-background-meta":{"desktop":{"background-color":"var(--ast-global-color-4)","background-image":"","background-repeat":"repeat","background-position":"center center","background-size":"auto","background-attachment":"scroll","background-type":"","background-media":"","overlay-type":"","overlay-color":"","overlay-opacity":"","overlay-gradient":""},"tablet":{"background-color":"","background-image":"","background-repeat":"repeat","background-position":"center center","background-size":"auto","background-attachment":"scroll","background-type":"","background-media":"","overlay-type":"","overlay-color":"","overlay-opacity":"","overlay-gradient":""},"mobile":{"background-color":"","background-image":"","background-repeat":"repeat","background-position":"center center","background-size":"auto","background-attachment":"scroll","background-type":"","background-media":"","overlay-type":"","overlay-color":"","overlay-opacity":"","overlay-gradient":""}},"ast-content-background-meta":{"desktop":{"background-color":"var(--ast-global-color-5)","background-image":"","background-repeat":"repeat","background-position":"center center","background-size":"auto","background-attachment":"scroll","background-type":"","background-media":"","overlay-type":"","overlay-color":"","overlay-opacity":"","overlay-gradient":""},"tablet":{"background-color":"var(--ast-global-color-5)","background-image":"","background-repeat":"repeat","background-position":"center center","background-size":"auto","background-attachment":"scroll","background-type":"","background-media":"","overlay-type":"","overlay-color":"","overlay-opacity":"","overlay-gradient":""},"mobile":{"background-color":"var(--ast-global-color-5)","background-image":"","background-repeat":"repeat","background-position":"center center","background-size":"auto","background-attachment":"scroll","background-type":"","background-media":"","overlay-type":"","overlay-color":"","overlay-opacity":"","overlay-gradient":""}},"footnotes":""},"class_list":["post-1869","page","type-page","status-publish","hentry"],"_links":{"self":[{"href":"https:\/\/www.diamantprofil.com\/en\/wp-json\/wp\/v2\/pages\/1869","targetHints":{"allow":["GET"]}}],"collection":[{"href":"https:\/\/www.diamantprofil.com\/en\/wp-json\/wp\/v2\/pages"}],"about":[{"href":"https:\/\/www.diamantprofil.com\/en\/wp-json\/wp\/v2\/types\/page"}],"author":[{"embeddable":true,"href":"https:\/\/www.diamantprofil.com\/en\/wp-json\/wp\/v2\/users\/1"}],"replies":[{"embeddable":true,"href":"https:\/\/www.diamantprofil.com\/en\/wp-json\/wp\/v2\/comments?post=1869"}],"version-history":[{"count":5,"href":"https:\/\/www.diamantprofil.com\/en\/wp-json\/wp\/v2\/pages\/1869\/revisions"}],"predecessor-version":[{"id":3196,"href":"https:\/\/www.diamantprofil.com\/en\/wp-json\/wp\/v2\/pages\/1869\/revisions\/3196"}],"wp:attachment":[{"href":"https:\/\/www.diamantprofil.com\/en\/wp-json\/wp\/v2\/media?parent=1869"}],"curies":[{"name":"wp","href":"https:\/\/api.w.org\/{rel}","templated":true}]}}